{"id":159,"date":"2025-03-13T15:44:54","date_gmt":"2025-03-13T20:44:54","guid":{"rendered":"https:\/\/softwareenlanube.co\/pwn\/?page_id=159"},"modified":"2025-05-21T19:45:46","modified_gmt":"2025-05-22T00:45:46","slug":"herp-odontologia","status":"publish","type":"page","link":"https:\/\/softwareenlanube.co\/pwn\/herp-odontologia\/","title":{"rendered":"HERP ODONTOLOG\u00cdA"},"content":{"rendered":"\n\n\n\n\n<h6><\/h6>\n\n\n\n<h2>Historia Cl\u00ednica de Odontolog\u00eda<\/h2>\n\n\n\n\n\n<p>Control de presupuestos odontol\u00f3gicos.<br>Interoperabilidad Historia Cl\u00ednica.<br>Genera los recibos de caja y Facturaci\u00f3n electr\u00f3nica en salud, ajustando los saldos del paciente.<br>Registra la hora de llegada del paciente, y aprobaci\u00f3n. Agenda interactiva enviando sms y correo.<br><\/p>\n\n\n\n\n\n<p>Controla la facturaci\u00f3n de sus clientes mediante convenios.<br>Adicionalmente, las im\u00e1genes diagnosticas son vinculadas a la historia cl\u00ednica desde el centro radiol\u00f3gico donde hayan sido tomadas.<br>Generaci\u00f3n de Rips formato Json.<\/p>\n\n\n\n\n\n<p> De forma \u00e1gil y oportuna de acuerdo a la ley 1753 de 2015. Esta innovadora herramienta le permite controlar la informaci\u00f3n de sus pacientes, los insumos, y los honorarios de (los) especialista(s). <br>El sistema cuenta con integraci\u00f3n para PowerBi.<\/p>\n\n\n\n\n\n\n\n\n\n\n\nHistoria Cl\u00ednica\n\n\n\n\n\nPresupuestos\n\n\n\n\n\nIm\u00e1genes Diagnosticas\n\n\n\n\n\nFacturaci\u00f3n electr\u00f3nica Rips\n\n\n\n\n\n\n\n<p><\/p>\n","protected":false},"excerpt":{"rendered":"","protected":false},"author":1,"featured_media":0,"parent":0,"menu_order":0,"comment_status":"closed","ping_status":"closed","template":"","meta":{"pagelayer_contact_templates":[],"_pagelayer_content":"","footnotes":""},"class_list":["post-159","page","type-page","status-publish","hentry"],"_links":{"self":[{"href":"https:\/\/softwareenlanube.co\/pwn\/wp-json\/wp\/v2\/pages\/159","targetHints":{"allow":["GET"]}}],"collection":[{"href":"https:\/\/softwareenlanube.co\/pwn\/wp-json\/wp\/v2\/pages"}],"about":[{"href":"https:\/\/softwareenlanube.co\/pwn\/wp-json\/wp\/v2\/types\/page"}],"author":[{"embeddable":true,"href":"https:\/\/softwareenlanube.co\/pwn\/wp-json\/wp\/v2\/users\/1"}],"replies":[{"embeddable":true,"href":"https:\/\/softwareenlanube.co\/pwn\/wp-json\/wp\/v2\/comments?post=159"}],"version-history":[{"count":17,"href":"https:\/\/softwareenlanube.co\/pwn\/wp-json\/wp\/v2\/pages\/159\/revisions"}],"predecessor-version":[{"id":286,"href":"https:\/\/softwareenlanube.co\/pwn\/wp-json\/wp\/v2\/pages\/159\/revisions\/286"}],"wp:attachment":[{"href":"https:\/\/softwareenlanube.co\/pwn\/wp-json\/wp\/v2\/media?parent=159"}],"curies":[{"name":"wp","href":"https:\/\/api.w.org\/{rel}","templated":true}]}}