{"id":165,"date":"2025-03-13T15:51:32","date_gmt":"2025-03-13T20:51:32","guid":{"rendered":"https:\/\/softwareenlanube.co\/pwn\/?page_id=165"},"modified":"2025-03-13T20:48:40","modified_gmt":"2025-03-14T01:48:40","slug":"pruebas-hidrostaticas","status":"publish","type":"page","link":"https:\/\/softwareenlanube.co\/pwn\/pruebas-hidrostaticas\/","title":{"rendered":"ERP PRUEBAS HIDROSTATICAS"},"content":{"rendered":"\n<p><strong>ERP:<\/strong> <strong>Enterprise Resource Planning \u2013 Planificaci\u00f3n de Recursos Empresariales.<\/strong><\/p>\n\n\n\n<p>Es un sistema para administrar el proceso operativo de un laboratorio de pruebas hidrost\u00e1ticas, en tiempo REAL y con independencia de la ubicaci\u00f3n geogr\u00e1fica de los usuarios; permiti\u00e9ndole controlar aspectos claves.<\/p>\n\n\n\n<p><strong>\u00abNuestra Soluci\u00f3n\u00bb <\/strong><\/p>\n\n\n\n<ul class=\"wp-block-list\">\n<li>Registrar y controlar la recolecci\u00f3n de cilindros con diferentes veh\u00edculos y sus respectivos abonos.<\/li>\n<\/ul>\n\n\n\n<ul class=\"wp-block-list\">\n<li>Registrar los diferentes procesos de la prueba hidrost\u00e1tica tales como: Inspecci\u00f3n visual, control de taras, espesor y prueba hidrost\u00e1tica con sus respectivos c\u00e1lculos de acuerdo a la NTC-2699, 5136, 5137.<\/li>\n<\/ul>\n\n\n\n<ul class=\"wp-block-list\">\n<li>Generar de manera autom\u00e1tica el listado de cilindros condenados con posibilidad de vincular a la pagina web del laboratorio.<\/li>\n<\/ul>\n\n\n\n<ul class=\"wp-block-list\">\n<li>Permitir al cliente generar copia controlada del certificado del cilindro, por medio de la pagina web del laboratorio.<\/li>\n<\/ul>\n\n\n\n<ul class=\"wp-block-list\">\n<li>Genera los certificados y los vincula para consulta en su pagina web.<\/li>\n<\/ul>\n\n\n\n<ul class=\"wp-block-list\">\n<li>Controlar la cartera por cliente.<\/li>\n<\/ul>\n\n\n\n<ul class=\"wp-block-list\">\n<li>Ayuda a controlar las actividades realizadas por los t\u00e9cnicos en la l\u00ednea de producci\u00f3n.<\/li>\n<\/ul>\n\n\n\n<ul class=\"wp-block-list\">\n<li>Contabiliza todas las operaciones realizadas en linea.<\/li>\n<\/ul>\n\n\n\n<ul class=\"wp-block-list\">\n<li>Puede gestionar su contabilidad local o Niif, por medio de nuestra aplicaci\u00f3n contable. <\/li>\n<\/ul>\n\n\n\n<ul class=\"wp-block-list\">\n<li>Registrar las reclamaciones de los clientes.<\/li>\n<\/ul>\n","protected":false},"excerpt":{"rendered":"<p>ERP: Enterprise Resource Planning \u2013 Planificaci\u00f3n de Recursos Empresariales. Es un sistema para administrar el proceso operativo de un laboratorio de pruebas hidrost\u00e1ticas, en tiempo REAL y con independencia de la ubicaci\u00f3n geogr\u00e1fica de los usuarios; permiti\u00e9ndole controlar aspectos claves. \u00abNuestra Soluci\u00f3n\u00bb<\/p>\n","protected":false},"author":1,"featured_media":0,"parent":0,"menu_order":0,"comment_status":"closed","ping_status":"open","template":"","meta":{"pagelayer_contact_templates":[],"_pagelayer_content":"","footnotes":""},"class_list":["post-165","page","type-page","status-publish","hentry"],"_links":{"self":[{"href":"https:\/\/softwareenlanube.co\/pwn\/wp-json\/wp\/v2\/pages\/165","targetHints":{"allow":["GET"]}}],"collection":[{"href":"https:\/\/softwareenlanube.co\/pwn\/wp-json\/wp\/v2\/pages"}],"about":[{"href":"https:\/\/softwareenlanube.co\/pwn\/wp-json\/wp\/v2\/types\/page"}],"author":[{"embeddable":true,"href":"https:\/\/softwareenlanube.co\/pwn\/wp-json\/wp\/v2\/users\/1"}],"replies":[{"embeddable":true,"href":"https:\/\/softwareenlanube.co\/pwn\/wp-json\/wp\/v2\/comments?post=165"}],"version-history":[{"count":8,"href":"https:\/\/softwareenlanube.co\/pwn\/wp-json\/wp\/v2\/pages\/165\/revisions"}],"predecessor-version":[{"id":233,"href":"https:\/\/softwareenlanube.co\/pwn\/wp-json\/wp\/v2\/pages\/165\/revisions\/233"}],"wp:attachment":[{"href":"https:\/\/softwareenlanube.co\/pwn\/wp-json\/wp\/v2\/media?parent=165"}],"curies":[{"name":"wp","href":"https:\/\/api.w.org\/{rel}","templated":true}]}}