{"id":166,"date":"2025-03-13T15:50:25","date_gmt":"2025-03-13T20:50:25","guid":{"rendered":"https:\/\/softwareenlanube.co\/pwn\/?page_id=166"},"modified":"2025-03-13T20:35:48","modified_gmt":"2025-03-14T01:35:48","slug":"gestion-de-activos","status":"publish","type":"page","link":"https:\/\/softwareenlanube.co\/pwn\/gestion-de-activos\/","title":{"rendered":"GESTI\u00d3N DE ACTIVOS"},"content":{"rendered":"\n<p><strong>En Software En La Nube S.A.S. nos especializamos en desarrollar soluciones de software innovadoras para la gesti\u00f3n de activos fijos. Nuestro objetivo es optimizar la administraci\u00f3n y el control de los recursos de las empresas, facilitando la gesti\u00f3n de informaci\u00f3n y mejorando la toma de decisiones. A trav\u00e9s de nuestra plataforma en la nube, proporcionamos herramientas que permiten a las organizaciones llevar un seguimiento preciso de sus activos, maximizar su rendimiento y garantizar el cumplimiento normativo. Con nuestra tecnolog\u00eda, transformamos la manera en que las empresas gestionan sus activos, asegurando una operaci\u00f3n m\u00e1s eficiente y rentable.<\/strong><\/p>\n\n\n\n<ul class=\"wp-block-list\">\n<li><strong>Control y seguimiento de activos en l\u00ednea y con base en la norma ISO 55.000<\/strong>.<\/li>\n\n\n\n<li><strong>Utilice el sistema de activos por el tiempo necesario para sus proyectos.<\/strong><\/li>\n\n\n\n<li><strong>Realice la captura de inventarios con dispositivos m\u00f3viles.<\/strong><\/li>\n\n\n\n<li><strong>Registre la foto o video de sus activos.<\/strong><\/li>\n\n\n\n<li><strong>Gestione las alertas por mantenimiento o calibraci\u00f3n de los activos requeridos.<\/strong><\/li>\n\n\n\n<li><strong>Gestione el traslado de sus activos.<\/strong><\/li>\n\n\n\n<li><strong>Identifique la gesti\u00f3n y aprobaci\u00f3n de los activos con la firma del usuario autorizado.<\/strong><\/li>\n<\/ul>\n\n\n\n<p><\/p>\n","protected":false},"excerpt":{"rendered":"<p>En Software En La Nube S.A.S. nos especializamos en desarrollar soluciones de software innovadoras para la gesti\u00f3n de activos fijos. Nuestro objetivo es optimizar la administraci\u00f3n y el control de los recursos de las empresas, facilitando la gesti\u00f3n de informaci\u00f3n y mejorando la toma de decisiones. A trav\u00e9s de nuestra plataforma en la nube, proporcionamos [&hellip;]<\/p>\n","protected":false},"author":1,"featured_media":0,"parent":0,"menu_order":0,"comment_status":"closed","ping_status":"open","template":"","meta":{"pagelayer_contact_templates":[],"_pagelayer_content":"","footnotes":""},"class_list":["post-166","page","type-page","status-publish","hentry"],"_links":{"self":[{"href":"https:\/\/softwareenlanube.co\/pwn\/wp-json\/wp\/v2\/pages\/166","targetHints":{"allow":["GET"]}}],"collection":[{"href":"https:\/\/softwareenlanube.co\/pwn\/wp-json\/wp\/v2\/pages"}],"about":[{"href":"https:\/\/softwareenlanube.co\/pwn\/wp-json\/wp\/v2\/types\/page"}],"author":[{"embeddable":true,"href":"https:\/\/softwareenlanube.co\/pwn\/wp-json\/wp\/v2\/users\/1"}],"replies":[{"embeddable":true,"href":"https:\/\/softwareenlanube.co\/pwn\/wp-json\/wp\/v2\/comments?post=166"}],"version-history":[{"count":3,"href":"https:\/\/softwareenlanube.co\/pwn\/wp-json\/wp\/v2\/pages\/166\/revisions"}],"predecessor-version":[{"id":227,"href":"https:\/\/softwareenlanube.co\/pwn\/wp-json\/wp\/v2\/pages\/166\/revisions\/227"}],"wp:attachment":[{"href":"https:\/\/softwareenlanube.co\/pwn\/wp-json\/wp\/v2\/media?parent=166"}],"curies":[{"name":"wp","href":"https:\/\/api.w.org\/{rel}","templated":true}]}}