{"id":2,"date":"2025-01-02T23:58:46","date_gmt":"2025-01-02T23:58:46","guid":{"rendered":"https:\/\/softwareenlanube.co\/pwn\/?page_id=2"},"modified":"2025-05-21T19:42:49","modified_gmt":"2025-05-22T00:42:49","slug":"sample-page","status":"publish","type":"page","link":"https:\/\/softwareenlanube.co\/pwn\/sample-page\/","title":{"rendered":"HERP CARDIOLOG\u00cdA"},"content":{"rendered":"\n\n\n<h6><\/h6>\n\n\n\n<h2>Historia Cl\u00ednica de Cardiolog\u00eda<\/h2>\n\n\n\n\n\n<p>Incluye IHCE y Facturaci\u00f3n electr\u00f3nica en salud.<br>Interoperabilidad Historia Cl\u00ednica.<br>Consentimientos Informados.<br>Im\u00e1genes diagn\u00f3sticas.<br>Rips varia de acuerdo al pa\u00eds.<br>Facilita la administraci\u00f3n cl\u00ednica conforme a las normas actuales. <br><\/p>\n\n\n\n\n\n<p>Por medio de esta innovadora herramienta tecnol\u00f3gica, que le permite vincular y cuantificar los servicios prestados por historia cl\u00ednica.<br>Agenda interactiva enviando sms y correo.<\/p>\n\n\n\n\n\n<p>Generando las facturas de cuotas moderadoras y copagos.<br>Autogesti\u00f3n de Usuarios.<br>El sistema cuenta con integraci\u00f3n para PowerBi<\/p>\n\n\n\n\n\n\n\n\n<h6><br><br><\/h6>\n\n\n\n\n\n","protected":false},"excerpt":{"rendered":"","protected":false},"author":1,"featured_media":0,"parent":0,"menu_order":0,"comment_status":"closed","ping_status":"open","template":"","meta":{"pagelayer_contact_templates":[],"_pagelayer_content":"","footnotes":""},"class_list":["post-2","page","type-page","status-publish","hentry"],"_links":{"self":[{"href":"https:\/\/softwareenlanube.co\/pwn\/wp-json\/wp\/v2\/pages\/2","targetHints":{"allow":["GET"]}}],"collection":[{"href":"https:\/\/softwareenlanube.co\/pwn\/wp-json\/wp\/v2\/pages"}],"about":[{"href":"https:\/\/softwareenlanube.co\/pwn\/wp-json\/wp\/v2\/types\/page"}],"author":[{"embeddable":true,"href":"https:\/\/softwareenlanube.co\/pwn\/wp-json\/wp\/v2\/users\/1"}],"replies":[{"embeddable":true,"href":"https:\/\/softwareenlanube.co\/pwn\/wp-json\/wp\/v2\/comments?post=2"}],"version-history":[{"count":37,"href":"https:\/\/softwareenlanube.co\/pwn\/wp-json\/wp\/v2\/pages\/2\/revisions"}],"predecessor-version":[{"id":284,"href":"https:\/\/softwareenlanube.co\/pwn\/wp-json\/wp\/v2\/pages\/2\/revisions\/284"}],"wp:attachment":[{"href":"https:\/\/softwareenlanube.co\/pwn\/wp-json\/wp\/v2\/media?parent=2"}],"curies":[{"name":"wp","href":"https:\/\/api.w.org\/{rel}","templated":true}]}}