{"id":39,"date":"2025-01-03T00:05:48","date_gmt":"2025-01-03T00:05:48","guid":{"rendered":"https:\/\/softwareenlanube.co\/pwn\/home\/"},"modified":"2025-03-12T13:17:13","modified_gmt":"2025-03-12T18:17:13","slug":"home","status":"publish","type":"page","link":"https:\/\/softwareenlanube.co\/pwn\/","title":{"rendered":"Inicio"},"content":{"rendered":"\n\n\n\n\n<p>Nuestros desarrollos impulsados por inteligencia artificial buscan garantizar integridad, seguridad, confiabilidad y disponibilidad en las soluciones ofrecidas.<\/p>\n\n\n\n<p>En un mundo digital en constante evoluci\u00f3n, la seguridad de tus datos es nuestra prioridad.<\/p>\n\n\n\n<p>Nuestras aplicaciones est\u00e1n dise\u00f1adas para trabajar en perfecta armon\u00eda, ofreciendo una interconectividad total que optimiza tus procesos y mejora la eficiencia de tu negocio.<\/p>\n\n\n\n\n\n<h6>Bienvenidos<\/h6>\n\n\n\n<div class=\"wp-block-columns is-layout-flex wp-container-core-columns-is-layout-9d6595d7 wp-block-columns-is-layout-flex\">\n<div class=\"wp-block-column is-layout-flow wp-block-column-is-layout-flow\" style=\"flex-basis:100%\">\n<h6>Las Tecnolog\u00edas de la Informaci\u00f3n y las Comunicaciones en un mercado cada d\u00eda m\u00e1s competitivo, plantean nuevos desaf\u00edos y requieren del apoyo y conocimiento de un aliado estrat\u00e9gico como SOFTWARE EN LA NUBE S.A.S. Nuestro equipo humano trabajar\u00e1 para desarrollar soluciones tecnol\u00f3gicas de avanzada, con un claro compromiso: proveer las herramientas estrat\u00e9gicas que las organizaciones necesitan. Si su empresa busca soluciones integrales a nivel de datos, comunicaciones y biometr\u00eda en la web sobre una plataforma tecnol\u00f3gica de \u00faltima generaci\u00f3n; con altos niveles de calidad, privacidad, seguridad y soporte, lo que su empresa requiere son nuestros servicios.<\/h6>\n<\/div>\n<\/div>\n\n\n\n\n\n\n\n\n\n\n\n<h6><\/h6>\n\n\n\n<h2>Protege Tu Negocio<\/h2>\n\n\n\n<p>Nuestra infraestructura digital se mantiene segura con la soluci\u00f3n de detecci\u00f3n de intrusiones. Identificamos y neutralizamos amenazas antes de que afecten tus sistemas y nuestra app, garantizando una protecci\u00f3n proactiva.<\/p>\n\n\n\n\nMonitoreo continuo\n\n\n\nDetecci\u00f3n en tiempo real\n\n\n\n<strong>An\u00e1lisis inteligente<\/strong>\n\n\n\n\n\n\n\n\n<h6><\/h6>\n\n\n\n<h2>CAR\u00c1CTERISTICAS DE NUESTROS SERVICIOS<\/h2>\n\n\n\n\n\n\n\n<p>Funciona 100% a trav\u00e9s de Internet, y no requiere instalaci\u00f3n en los equipos, permitiendo acceder desde cualquier sitio y en cualquier dispositivo siempre y cuando la administraci\u00f3n de la asociaci\u00f3n apruebe el acceso al sistema a sus usuarios.<\/p>\n\n\n\n\n\n\n\n\n\n<p>La informaci\u00f3n esta al alcance de cada usuario activo, dependiendo los permisos que este tenga, y siempre se conservan los respaldos de seguridad en caso de ser necesario utilizarlos.<\/p>\n\n\n\n\n\n\n\n\n\n<p>Ahorre tiempo y dinero teniendo su informaci\u00f3n digital, los costos de archivo f\u00edsico, pre-impresi\u00f3n de formatos son un problema del pasado..<\/p>\n\n\n\n\n\n\n\n\n\n<p>100% para todos los usuarios vinculados al sistema, simplemente ingrese al sistema de tickets, y tendr\u00e1s respuesta en el menor tiempo posible. Si es urgente, puede contactarnos por los diferentes medios de soporte virtual.<\/p>\n\n\n\n\n\n\n\n\n\n\n\n\n\n<h6>Destacados<br><\/h6>\n\n\n\n<h2>Estad\u00edsticas de nuestros clientes<\/h2>\n\n\n\n\n\nPacientes Registrados\n\n\n\nHistorias  Cl\u00ednicas\n\n\n\nIm\u00e1genes Registradas\n\n\n\n\n\n\n\n\n\n\n\n<p><\/p>\n","protected":false},"excerpt":{"rendered":"","protected":false},"author":1,"featured_media":0,"parent":0,"menu_order":0,"comment_status":"closed","ping_status":"closed","template":"","meta":{"pagelayer_contact_templates":[],"_pagelayer_content":"","footnotes":""},"class_list":["post-39","page","type-page","status-publish","hentry"],"_links":{"self":[{"href":"https:\/\/softwareenlanube.co\/pwn\/wp-json\/wp\/v2\/pages\/39","targetHints":{"allow":["GET"]}}],"collection":[{"href":"https:\/\/softwareenlanube.co\/pwn\/wp-json\/wp\/v2\/pages"}],"about":[{"href":"https:\/\/softwareenlanube.co\/pwn\/wp-json\/wp\/v2\/types\/page"}],"author":[{"embeddable":true,"href":"https:\/\/softwareenlanube.co\/pwn\/wp-json\/wp\/v2\/users\/1"}],"replies":[{"embeddable":true,"href":"https:\/\/softwareenlanube.co\/pwn\/wp-json\/wp\/v2\/comments?post=39"}],"version-history":[{"count":38,"href":"https:\/\/softwareenlanube.co\/pwn\/wp-json\/wp\/v2\/pages\/39\/revisions"}],"predecessor-version":[{"id":154,"href":"https:\/\/softwareenlanube.co\/pwn\/wp-json\/wp\/v2\/pages\/39\/revisions\/154"}],"wp:attachment":[{"href":"https:\/\/softwareenlanube.co\/pwn\/wp-json\/wp\/v2\/media?parent=39"}],"curies":[{"name":"wp","href":"https:\/\/api.w.org\/{rel}","templated":true}]}}