{"id":82,"date":"2025-01-03T17:42:19","date_gmt":"2025-01-03T22:42:19","guid":{"rendered":"https:\/\/softwareenlanube.co\/pwn\/?page_id=82"},"modified":"2025-05-21T18:28:47","modified_gmt":"2025-05-21T23:28:47","slug":"herp-radiologia","status":"publish","type":"page","link":"https:\/\/softwareenlanube.co\/pwn\/herp-radiologia\/","title":{"rendered":"HERP RADIOLOG\u00cdA"},"content":{"rendered":"\n\n\n\n\n<h6><br><\/h6>\n\n\n\n<h2>Administraci\u00f3n de Centros Radiol\u00f3gicos<\/h2>\n\n\n\n\n\n<p>Incluye IHCE y Facturaci\u00f3n electr\u00f3nica en salud.<br>Interoperabilidad Historia Cl\u00ednica.<br>Consentimientos Informados.<br>Rips varia de acuerdo al pa\u00eds.<\/p>\n\n\n\n\n\n<p>Sus clientes podr\u00e1n ver los resultados de los ex\u00e1menes. Generar  ordenes virtuales.<br>Agenda interactiva enviando sms y correo.<\/p>\n\n\n\n\n\n<p>Autogesti\u00f3n de Usuarios.<br>Convenios, Indicadores.<br>El sistema cuenta con integraci\u00f3n para PowerBi.<\/p>\n\n\n\n\n\n\n\n\n\n<h2><\/h2>\n\n\n\n\n\nIm\u00e1genes diagnosticas\n\n\n\n\n\nAgendas\n\n\n\n\n\nInformes\n\n\n\n\n\nRips\n\n\n\n\n\n\n\n<p><\/p>\n","protected":false},"excerpt":{"rendered":"","protected":false},"author":1,"featured_media":0,"parent":0,"menu_order":0,"comment_status":"closed","ping_status":"closed","template":"","meta":{"pagelayer_contact_templates":[],"_pagelayer_content":"","footnotes":""},"class_list":["post-82","page","type-page","status-publish","hentry"],"_links":{"self":[{"href":"https:\/\/softwareenlanube.co\/pwn\/wp-json\/wp\/v2\/pages\/82","targetHints":{"allow":["GET"]}}],"collection":[{"href":"https:\/\/softwareenlanube.co\/pwn\/wp-json\/wp\/v2\/pages"}],"about":[{"href":"https:\/\/softwareenlanube.co\/pwn\/wp-json\/wp\/v2\/types\/page"}],"author":[{"embeddable":true,"href":"https:\/\/softwareenlanube.co\/pwn\/wp-json\/wp\/v2\/users\/1"}],"replies":[{"embeddable":true,"href":"https:\/\/softwareenlanube.co\/pwn\/wp-json\/wp\/v2\/comments?post=82"}],"version-history":[{"count":27,"href":"https:\/\/softwareenlanube.co\/pwn\/wp-json\/wp\/v2\/pages\/82\/revisions"}],"predecessor-version":[{"id":280,"href":"https:\/\/softwareenlanube.co\/pwn\/wp-json\/wp\/v2\/pages\/82\/revisions\/280"}],"wp:attachment":[{"href":"https:\/\/softwareenlanube.co\/pwn\/wp-json\/wp\/v2\/media?parent=82"}],"curies":[{"name":"wp","href":"https:\/\/api.w.org\/{rel}","templated":true}]}}